{"id":101177,"date":"2026-02-07T14:31:11","date_gmt":"2026-02-07T13:31:11","guid":{"rendered":"https:\/\/kingdomtrust.no\/?page_id=101177"},"modified":"2026-02-07T22:44:44","modified_gmt":"2026-02-07T21:44:44","slug":"historien-var","status":"publish","type":"page","link":"https:\/\/kingdomtrust.no\/en\/historien-var\/","title":{"rendered":"Our history"},"content":{"rendered":"<p>[et_pb_section fb_built=&raquo;1&#8243; _builder_version=&raquo;4.16.1&#8243; _module_preset=&raquo;default&raquo; global_colors_info=&raquo;{}&raquo;][et_pb_row column_structure=&raquo;1_2,1_2&#8243; make_equal=&raquo;on&raquo; custom_padding_last_edited=&raquo;on|phone&raquo; module_class=&raquo;milly-keep-tablet-col&raquo; _builder_version=&raquo;4.18.0&#8243; _module_preset=&raquo;default&raquo; max_width_tablet=&raquo;&raquo; max_width_phone=&raquo;&raquo; max_width_last_edited=&raquo;on|tablet&raquo; custom_padding_tablet=&raquo;&raquo; custom_padding_phone=&raquo;||50px||false|false&raquo; global_colors_info=&raquo;{}&raquo; max_width__hover_enabled=&raquo;on|desktop&raquo; max_width__hover=&raquo;&raquo;][et_pb_column type=&raquo;1_2&#8243; module_class=&raquo;milly-content-center&raquo; _builder_version=&raquo;4.18.0&#8243; _module_preset=&raquo;default&raquo; custom_padding=&raquo;||||false|false&raquo; custom_padding_tablet=&raquo;||||false|false&raquo; custom_padding_phone=&raquo;||||false|false&raquo; custom_padding_last_edited=&raquo;on|phone&raquo; global_colors_info=&raquo;{}&raquo;][et_pb_text _builder_version=&raquo;4.27.5&#8243; _module_preset=&raquo;default&raquo; width_tablet=&raquo;&raquo; width_phone=&raquo;&raquo; width_last_edited=&raquo;on|phone&raquo; max_width_phone=&raquo;500px&raquo; custom_margin=&raquo;-20px||||false|false&raquo; custom_margin_tablet=&raquo;0px||||false|false&raquo; custom_margin_phone=&raquo;0px||||false|false&raquo; custom_margin_last_edited=&raquo;on|phone&raquo; hover_enabled=&raquo;0&#8243; text_orientation_tablet=&raquo;&raquo; text_orientation_phone=&raquo;center&raquo; text_orientation_last_edited=&raquo;on|phone&raquo; module_alignment_phone=&raquo;center&raquo; global_colors_info=&raquo;{}&raquo; sticky_enabled=&raquo;0&#8243;]<\/p>\n<h5>Profetisk bakgrunn for Kingdom Trust<\/h5>\n<h1>Historien v\u00e5r<\/h1>\n<p><em>Skrevet av <a href=\"https:\/\/kingdomtrust.no\/om-grunnleggeren\/\">Linda Thunshelle<\/a>, grunnlegger av Kingdom Trust Norge<\/em><\/p>\n<p>Visjonen for Kingdom Trust har vokst frem over tid, gjennom b\u00f8nn, erfaring og ulike profetiske inntrykk, dr\u00f8mmer og bekreftelser. Noen av disse har v\u00e6rt s\u00e6rlig avgj\u00f8rende for retningen arbeidet har f\u00e5tt i dag.<\/p>\n<p>V\u00e5ren 2016 opplevde jeg flere sterke dr\u00f8mmer. I en av dem bodde jeg sammen med andre i et lite trehus ved fjorden p\u00e5 Vestlandet. Jeg s\u00e5 en stor flodb\u00f8lge komme mot land og ropte at vi m\u00e5tte komme oss i h\u00f8yden. Senere forsto jeg at alt rundt huset var \u00f8delagt, mens selve huset sto ur\u00f8rt. Jeg opplevde at huset representerte de troende \u2013 bevart midt i uro og krise \u2013 og at Gud viste behovet for b\u00e5de beredskap, trygghet og fellesskap i krevende tider.<\/p>\n<p>I dag ser jeg tydeligere at dette huset ogs\u00e5 kan forst\u00e5s som det som senere har blitt Kingdom Trust \u2013 og de helhetlige l\u00f8sningene som gjennom \u00e5rene er blitt oss betrodd.\u00a0Gjennom <a href=\"https:\/\/kingdomtrust.no\/vare-fem-soyler\/\">v\u00e5re fem s\u00f8yler<\/a> har det vokst frem strukturer som rommer b\u00e5de \u00e5ndelig, relasjonell, praktisk og \u00f8konomisk st\u00f8tte \u2013 et \u00abhus\u00bb mennesker kan s\u00f8ke tilflukt i n\u00e5r livet rystes.<\/p>\n<p>[\/et_pb_text][\/et_pb_column][et_pb_column type=&raquo;1_2&#8243; module_class=&raquo;milly-parallax&raquo; _builder_version=&raquo;4.16.1&#8243; _module_preset=&raquo;default&raquo; custom_padding_tablet=&raquo;&raquo; custom_padding_phone=&raquo;||||false|false&raquo; custom_padding_last_edited=&raquo;on|phone&raquo; global_colors_info=&raquo;{}&raquo;][et_pb_divider show_divider=&raquo;off&raquo; admin_label=&raquo;Divider&raquo; _builder_version=&raquo;4.18.0&#8243; _module_preset=&raquo;8cb09d99-41e2-479b-8505-26639197cc90&#8243; positioning=&raquo;absolute&raquo; vertical_offset=&raquo;40px&raquo; vertical_offset_tablet=&raquo;40px&raquo; vertical_offset_phone=&raquo;40px&raquo; vertical_offset_last_edited=&raquo;on|phone&raquo; horizontal_offset_tablet=&raquo;&raquo; horizontal_offset_phone=&raquo;10%&raquo; horizontal_offset_last_edited=&raquo;on|desktop&raquo; position_origin_f_tablet=&raquo;&raquo; position_origin_f_phone=&raquo;&raquo; position_origin_f_last_edited=&raquo;on|phone&raquo; position_origin_r_tablet=&raquo;&raquo; position_origin_r_phone=&raquo;&raquo; position_origin_r_last_edited=&raquo;on|phone&raquo; width=&raquo;100%&raquo; width_tablet=&raquo;100%&raquo; width_phone=&raquo;80%&raquo; max_width=&raquo;50%&raquo; max_width_tablet=&raquo;50%&raquo; max_width_phone=&raquo;50%&raquo; max_width_last_edited=&raquo;on|phone&raquo; min_height=&raquo;80%&raquo; background_last_edited=&raquo;on|phone&raquo; positioning_tablet=&raquo;absolute&raquo; positioning_phone=&raquo;absolute&raquo; positioning_last_edited=&raquo;on|phone&raquo; global_colors_info=&raquo;{%22gcid-6e46b046-5faa-4ec0-a50c-c72ae2523117%22:%91%22box_shadow_color%22%93,%22gcid-3032551b-4d8e-4326-b0de-53b9ac316740%22:%91%22border_color_top%22%93}&raquo;][\/et_pb_divider][et_pb_divider show_divider=&raquo;off&raquo; admin_label=&raquo;Divider&raquo; _builder_version=&raquo;4.18.0&#8243; _module_preset=&raquo;cba05e97-8242-498e-8147-b764d3362b3e&raquo; positioning=&raquo;absolute&raquo; vertical_offset=&raquo;-5%&raquo; horizontal_offset=&raquo;5%&raquo; vertical_offset_tablet=&raquo;-2%&raquo; vertical_offset_phone=&raquo;10%&raquo; horizontal_offset_phone=&raquo;15%&raquo; position_origin_a_phone=&raquo;top_right&raquo; width=&raquo;60%&raquo; width_tablet=&raquo;60%&raquo; width_phone=&raquo;50%&raquo; min_height=&raquo;95%&raquo; positioning_tablet=&raquo;absolute&raquo; positioning_phone=&raquo;absolute&raquo; positioning_last_edited=&raquo;on|desktop&raquo; global_colors_info=&raquo;{%22gcid-3032551b-4d8e-4326-b0de-53b9ac316740%22:%91%22border_color_top%22%93,%22gcid-4a83523d-5bbe-46f2-a1f1-da7888e08624%22:%91%22background_pattern_color%22%93,%22gcid-8c4df213-420b-4fa0-a471-54276bb0f0b2%22:%91%22border_color_all%22%93}&raquo;][\/et_pb_divider][et_pb_image src=&raquo;https:\/\/kingdomtrust.no\/wp-content\/uploads\/2026\/02\/trehus.jpg&raquo; title_text=&raquo;trehus&raquo; align_tablet=&raquo;left&raquo; align_phone=&raquo;center&raquo; align_last_edited=&raquo;on|phone&raquo; _builder_version=&raquo;4.27.4&#8243; _module_preset=&raquo;default&raquo; positioning=&raquo;relative&raquo; width=&raquo;70%&raquo; width_tablet=&raquo;70%&raquo; width_phone=&raquo;60%&raquo; width_last_edited=&raquo;on|tablet&raquo; module_alignment=&raquo;center&raquo; custom_margin_tablet=&raquo;||||false|false&raquo; custom_margin_phone=&raquo;-20px||||false|false&raquo; custom_margin_last_edited=&raquo;on|tablet&raquo; module_alignment_tablet=&raquo;center&raquo; module_alignment_phone=&raquo;center&raquo; module_alignment_last_edited=&raquo;on|phone&raquo; border_radii=&raquo;on|4px|4px|4px|4px&raquo; box_shadow_style=&raquo;preset3&#8243; box_shadow_horizontal=&raquo;10px&raquo; box_shadow_vertical=&raquo;31px&raquo; box_shadow_blur=&raquo;80px&raquo; box_shadow_spread=&raquo;9px&raquo; box_shadow_color=&raquo;rgba(24,33,33,0.3)&raquo; global_colors_info=&raquo;{}&raquo;][\/et_pb_image][\/et_pb_column][\/et_pb_row][et_pb_row _builder_version=&raquo;4.27.4&#8243; _module_preset=&raquo;default&raquo; global_colors_info=&raquo;{}&raquo;][et_pb_column type=&raquo;4_4&#8243; _builder_version=&raquo;4.27.4&#8243; _module_preset=&raquo;default&raquo; global_colors_info=&raquo;{}&raquo;][et_pb_text _builder_version=&raquo;4.27.4&#8243; _module_preset=&raquo;default&raquo; header_2_line_height=&raquo;1.3em&raquo; global_colors_info=&raquo;{}&raquo;]<\/p>\n<h2>Krisefond og Josef-modellen \u2013 2021<\/h2>\n<p>Da visjonen om Kingdom Trust ble tydelig i 2021, opplevde jeg et klart kall til \u00e5 etablere et krisefond \u2013 inspirert av Josef i Egypt, som samlet ressurser i gode tider for \u00e5 kunne hjelpe i tider med n\u00f8d. Dette ble samme \u00e5r bekreftet gjennom et profetisk ord under Jesus Kvinners online-konferanse:<\/p>\n<blockquote>\n<p>Sett ressurser til side \u2013 i tillegg til tiende og gaver \u2013 for \u00e5 kunne v\u00e6re en velsignelse for andre i krevende tider.<\/p>\n<\/blockquote>\n<h2>Et samlende bilde \u2013 n\u00f8kkelen<\/h2>\n<p>Gjennom \u00e5rene har jeg ogs\u00e5 mottatt et gjentakende profetisk bilde: Gud gir en stor gulln\u00f8kkel, med ordene:<\/p>\n<blockquote>\n<p>Ta n\u00f8kkelen og l\u00e5s opp de dr\u00f8mmene, visjonene, kallene og ressursene som finnes i mitt folk.<\/p>\n<\/blockquote>\n<h2>Et kristent NAV<\/h2>\n<p>I tillegg har en av v\u00e5re samarbeidspartnere delt et profetisk bilde der hun s\u00e5 Kingdom Trust som et slags \u201ckristent NAV\u201d \u2013 et sted der troende kan henvende seg n\u00e5r livet blir krevende, n\u00e5r kall og visjoner m\u00f8ter motstand, eller n\u00e5r man trenger st\u00f8tte, veiledning og hjelp til \u00e5 komme videre. Dette bildet har gitt oss spr\u00e5k for noe vi allerede arbeider med i praksis:<\/p>\n<blockquote>\n<p>Vi \u00f8nsker \u00e5 v\u00e6re et tilgjengelig st\u00f8tteapparat, bygget p\u00e5 ansvarlig ressursforvaltning, relasjoner og omsorg \u2013 slik at mennesker ikke st\u00e5r alene n\u00e5r de trenger hjelp til \u00e5 reise seg igjen.<\/p>\n<\/blockquote>\n<h2>En norsk arv av tro, arbeid og felles ansvar<\/h2>\n<p>I norsk historie finner vi sterke eksempler p\u00e5 hvordan tro, arbeid og samfunnsansvar kan g\u00e5 h\u00e5nd i h\u00e5nd. En av de mest kjente er Hans Nielsen Hauge.<\/p>\n<p>Gjennom sin levende tro p\u00e5 Jesus mobiliserte Hauge mennesker p\u00e5 tvers av kj\u00f8nn, alder og sosial status. Sammen bygde de nettverk, startet bedrifter, skapte arbeidsplasser og utviklet lokalsamfunn over hele landet. Overskudd ble ikke samlet hos noen f\u00e5, men reinvestert for \u00e5 gi flere mulighet til arbeid, verdighet og ansvar.<\/p>\n<blockquote>\n<p>Hauges liv og virke viser hvordan \u00e5ndelig vekkelse og praktisk verdiskaping kan styrke b\u00e5de enkeltmennesker og samfunn.<\/p>\n<\/blockquote>\n<p>Mye av det han var med p\u00e5 \u00e5 forme, har lagt varige spor i det norske samfunnet \u2013 spor vi fortsatt nyter godt av i dag.<\/p>\n<p>Denne arven inspirerer oss i Kingdom Trust. Ikke som en kopi av fortiden, men som et eksempel p\u00e5 hvordan felles ansvar, samarbeid og forvaltning kan skape felles velstand ogs\u00e5 i v\u00e5r tid.<\/p>\n<h2>Vekkelse \u2013 enhet og beredskap i kj\u00e6rlighet<\/h2>\n<p>Gjennom mange \u00e5r har det blitt profetert om vekkelse i Norge. Dette m\u00f8ter vi med forventning, glede og ydmykhet. Samtidig opplever vi at Gud kaller oss til \u00e5 v\u00e6re forberedt \u2013 ikke bare \u00e5ndelig, men ogs\u00e5 praktisk, relasjonelt og \u00f8konomisk.<\/p>\n<p>N\u00e5r mennesker kommer til tro, f\u00f8lger det ogs\u00e5 behov. Behov for undervisning, veiledning, fellesskap, tid og omsorg.<\/p>\n<blockquote>\n<p>Vekkelse b\u00e6res ikke av \u00f8yeblikk alene, men av kj\u00e6rlighet i praksis og strukturer som kan ta imot mennesker og f\u00f8lge dem over tid.<\/p>\n<\/blockquote>\n<p>&nbsp;<\/p>\n<p>[\/et_pb_text][\/et_pb_column][\/et_pb_row][\/et_pb_section]<\/p>\n","protected":false},"excerpt":{"rendered":"<p>Profetisk bakgrunn for Kingdom Trust Historien v\u00e5r Skrevet av Linda Thunshelle, grunnlegger av Kingdom Trust Norge Visjonen for Kingdom Trust har vokst frem over tid, gjennom b\u00f8nn, erfaring og ulike profetiske inntrykk, dr\u00f8mmer og bekreftelser. Noen av disse har v\u00e6rt s\u00e6rlig avgj\u00f8rende for retningen arbeidet har f\u00e5tt i dag. V\u00e5ren 2016 opplevde jeg flere sterke [&hellip;]<\/p>\n","protected":false},"author":1,"featured_media":101158,"parent":0,"menu_order":0,"comment_status":"closed","ping_status":"closed","template":"","meta":{"_et_pb_use_builder":"on","_et_pb_old_content":"","_et_gb_content_width":"","footnotes":""},"class_list":["post-101177","page","type-page","status-publish","has-post-thumbnail","hentry"],"_links":{"self":[{"href":"https:\/\/kingdomtrust.no\/en\/wp-json\/wp\/v2\/pages\/101177","targetHints":{"allow":["GET"]}}],"collection":[{"href":"https:\/\/kingdomtrust.no\/en\/wp-json\/wp\/v2\/pages"}],"about":[{"href":"https:\/\/kingdomtrust.no\/en\/wp-json\/wp\/v2\/types\/page"}],"author":[{"embeddable":true,"href":"https:\/\/kingdomtrust.no\/en\/wp-json\/wp\/v2\/users\/1"}],"replies":[{"embeddable":true,"href":"https:\/\/kingdomtrust.no\/en\/wp-json\/wp\/v2\/comments?post=101177"}],"version-history":[{"count":5,"href":"https:\/\/kingdomtrust.no\/en\/wp-json\/wp\/v2\/pages\/101177\/revisions"}],"predecessor-version":[{"id":101225,"href":"https:\/\/kingdomtrust.no\/en\/wp-json\/wp\/v2\/pages\/101177\/revisions\/101225"}],"wp:featuredmedia":[{"embeddable":true,"href":"https:\/\/kingdomtrust.no\/en\/wp-json\/wp\/v2\/media\/101158"}],"wp:attachment":[{"href":"https:\/\/kingdomtrust.no\/en\/wp-json\/wp\/v2\/media?parent=101177"}],"curies":[{"name":"wp","href":"https:\/\/api.w.org\/{rel}","templated":true}]}}