{"id":101170,"date":"2026-02-07T03:53:01","date_gmt":"2026-02-07T02:53:01","guid":{"rendered":"https:\/\/kingdomtrust.no\/?page_id=101170"},"modified":"2026-03-07T13:42:48","modified_gmt":"2026-03-07T12:42:48","slug":"engasjer-deg","status":"publish","type":"page","link":"https:\/\/kingdomtrust.no\/en\/engasjer-deg\/","title":{"rendered":"Get involved"},"content":{"rendered":"<p>[et_pb_section fb_built=&raquo;1&#8243; _builder_version=&raquo;4.18.0&#8243; _module_preset=&raquo;default&raquo; background_enable_color=&raquo;off&raquo; overflow-x=&raquo;hidden&raquo; overflow-y=&raquo;hidden&raquo; custom_padding=&raquo;0px||120px||false|false&raquo; custom_padding_tablet=&raquo;0px||80px||false|false&raquo; custom_padding_phone=&raquo;0px||50px||false|false&raquo; locked=&raquo;off&raquo; global_colors_info=&raquo;{%22gcid-76e3f074-fea1-4846-b451-b052fd0eb96d%22:%91%22background_color%22,%22background_color_gradient_stops%22%93}&raquo;][et_pb_row custom_padding_last_edited=&raquo;on|tablet&raquo; _builder_version=&raquo;4.27.5&#8243; _module_preset=&raquo;default&raquo; custom_padding=&raquo;||60px||false|false&raquo; custom_padding_tablet=&raquo;||40px||false|false&raquo; custom_padding_phone=&raquo;||30px||false|false&raquo; locked=&raquo;off&raquo; global_colors_info=&raquo;{}&raquo; custom_padding__hover_enabled=&raquo;on|desktop&raquo; custom_padding__hover=&raquo;||60px||false|false&raquo;][et_pb_column type=&raquo;4_4&#8243; _builder_version=&raquo;4.17.6&#8243; _module_preset=&raquo;default&raquo; global_colors_info=&raquo;{}&raquo;][et_pb_code module_class=&raquo;milly-icon&raquo; _builder_version=&raquo;4.18.0&#8243; _module_preset=&raquo;default&raquo; width=&raquo;100px&raquo; width_tablet=&raquo;95px&raquo; width_phone=&raquo;90px&raquo; width_last_edited=&raquo;on|desktop&raquo; module_alignment=&raquo;center&raquo; locked=&raquo;off&raquo; global_colors_info=&raquo;{}&raquo;]<svg xmlns=\"http:\/\/www.w3.org\/2000\/svg\" viewBox=\"0 0 100 100\"><circle cx=\"61.98\" cy=\"38.16\" r=\"25\" class=\"milly-svg-fill\"\/><path style=\"fill:none\" d=\"M0 0h100v100H0z\"\/><path class=\"milly-svg-line\" d=\"M45.68 55c-3.51-.11-12.82 1.73-13.36-.8-.45-2.07 2.72-2.68 2.17-5.39a4.75 4.75 0 0 0-8.36-.42c-.53.94-.14 1.69.57 3.29.52 1.2 2.52 3.75-.13 3.76H15.44M73.13 55.27c-3.15.1-11.5-1.66-12 .75-.4 2 2.45 2.55 2 5.14a4.16 4.16 0 0 1-7.51.4c-.47-.9-.13-1.61.51-3.14.47-1.14 2.26-3.57-.12-3.57H46\"\/><path class=\"milly-svg-line\" d=\"M45.66 27.86H15.12v54.96h58.02V55.44\"\/><path class=\"milly-svg-line\" d=\"M44.91 82.82c.57-2.27.86-8.22-.78-10.23-.94-1.14-2.09.19-4.21.63-4.72 1-5.84-6.79-1.06-7.76 3-.6 4.46 4.07 6 1.07a1.76 1.76 0 0 0 .22-1.27l.6-10.26M45.68 55c-.53-2.27-1.62-8.2-.08-10.2.88-1.15 2 .18 3.94.62 4.43 1 5.47-6.78 1-7.75-2.79-.61-4.18 4.06-5.68 1.06a1.9 1.9 0 0 1-.2-1.26l1-9.57M61 48.74c-1.22-2.89-6.39-9.66-4.29-11.16 1.71-1.24 3.45 1.08 5.71-.5a4.06 4.06 0 0 0-2.76-7c-1 0-1.59.6-2.78 1.84-.88.93-2.45 3.62-3.45 1.48-1.39-3-4.18-9-4.18-9M85.53 37.34 74.08 12.59l-25 11.56M61 48.74c1.86-1.38 6.83-4.75 9.22-4.34 1.37.23.57 1.66.92 3.45.77 4 8.21 1.59 7.41-2.44-.5-2.52-5.26-1.68-3.1-4.16a2.06 2.06 0 0 1 1.07-.69l9.06-3.22\"\/><\/svg>[\/et_pb_code][et_pb_text _builder_version=&raquo;4.27.5&#8243; _module_preset=&raquo;default&raquo; text_orientation=&raquo;center&raquo; max_width=&raquo;600px&raquo; module_alignment=&raquo;center&raquo; global_colors_info=&raquo;{}&raquo;]<\/p>\n<h5>Bruk dine gaver og talenter<\/h5>\n<h1>Engasjer deg<\/h1>\n<h5><\/h5>\n<p>[\/et_pb_text][et_pb_divider show_divider=&raquo;off&raquo; _builder_version=&raquo;4.18.0&#8243; _module_preset=&raquo;9514c170-4627-4733-b277-1556ea788820&#8243; module_alignment=&raquo;center&raquo; custom_margin=&raquo;||40px||false|false&raquo; border_width_right=&raquo;0px&raquo; border_width_bottom=&raquo;0px&raquo; border_width_left=&raquo;0px&raquo; locked=&raquo;off&raquo; global_colors_info=&raquo;{}&raquo;][\/et_pb_divider][et_pb_text _builder_version=&raquo;4.27.5&#8243; _module_preset=&raquo;default&raquo; text_orientation=&raquo;center&raquo; global_colors_info=&raquo;{}&raquo;]<\/p>\n<p><span>Hvordan ser du for deg at du eventuelt kan bidra eller koble deg p\u00e5? Her er noen av mulighetene. Er du usikker, oppfordrer vi deg til \u00e5 ta kontakt for en samtale.<\/span><\/p>\n<p>[\/et_pb_text][\/et_pb_column][\/et_pb_row][et_pb_row column_structure=&raquo;1_5,1_5,1_5,1_5,1_5&#8243; custom_padding_last_edited=&raquo;on|phone&raquo; _builder_version=&raquo;4.27.5&#8243; _module_preset=&raquo;default&raquo; custom_padding_tablet=&raquo;0px||40px||false|false&raquo; custom_padding_phone=&raquo;0px||40px||false|false&raquo; locked=&raquo;off&raquo; global_colors_info=&raquo;{}&raquo;][et_pb_column type=&raquo;1_5&#8243; _builder_version=&raquo;4.17.6&#8243; _module_preset=&raquo;default&raquo; global_colors_info=&raquo;{}&raquo;][et_pb_blurb title=&raquo;Styret&raquo; use_icon=&raquo;on&raquo; font_icon=&raquo;&#xf0c0;||fa||900&#8243; icon_color=&raquo;#E3B831&#8243; _builder_version=&raquo;4.27.5&#8243; _dynamic_attributes=&raquo;link_option_url&raquo; _module_preset=&raquo;2fd536bf-a974-4040-853b-a700569e4e06&#8243; link_option_url=&raquo;@ET-DC@eyJkeW5hbWljIjp0cnVlLCJjb250ZW50IjoicG9zdF9saW5rX3VybF9wYWdlIiwic2V0dGluZ3MiOnsicG9zdF9pZCI6IjEwMTA2NyJ9fQ==@&raquo; global_colors_info=&raquo;{}&raquo;]<\/p>\n<p>Har du ledererfaring eller r\u00e5dgivningskompetanse? B\u00e6rer du tjenestegaver, visjon eller samfunns-engasjement?<\/p>\n<p>[\/et_pb_blurb][\/et_pb_column][et_pb_column type=&raquo;1_5&#8243; _builder_version=&raquo;4.17.6&#8243; _module_preset=&raquo;default&raquo; global_colors_info=&raquo;{}&raquo;][et_pb_blurb title=&raquo;Stiftelsen &raquo; use_icon=&raquo;on&raquo; font_icon=&raquo;&#xf19c;||fa||900&#8243; icon_color=&raquo;#E3B831&#8243; _builder_version=&raquo;4.27.5&#8243; _dynamic_attributes=&raquo;link_option_url&raquo; _module_preset=&raquo;2fd536bf-a974-4040-853b-a700569e4e06&#8243; link_option_url=&raquo;@ET-DC@eyJkeW5hbWljIjp0cnVlLCJjb250ZW50IjoicG9zdF9saW5rX3VybF9wYWdlIiwic2V0dGluZ3MiOnsicG9zdF9pZCI6IjEwMTA5NCJ9fQ==@&raquo; global_colors_info=&raquo;{%22gcid-8c4df213-420b-4fa0-a471-54276bb0f0b2%22:%91%22text_text_color%22,%22text_text_color%22,%22text_text_color%22,%22text_text_color%22,%22text_text_color%22,%22text_text_color%22,%22text_text_color%22,%22text_text_color%22,%22text_text_color%22,%22text_text_color%22,%22text_text_color%22,%22text_text_color%22,%22text_text_color%22,%22text_text_color%22,%22text_text_color%22,%22text_text_color%22,%22text_text_color%22,%22text_text_color%22,%22text_text_color%22,%22text_text_color%22,%22text_text_color%22,%22text_text_color%22,%22text_text_color%22,%22text_text_color%22,%22text_text_color%22,%22text_text_color%22,%22text_text_color%22,%22text_text_color%22%93,%22gcid-76e3f074-fea1-4846-b451-b052fd0eb96d%22:%91%22image_icon_background_color%22,%22image_icon_background_color%22,%22image_icon_background_color%22,%22image_icon_background_color%22,%22image_icon_background_color%22,%22image_icon_background_color%22,%22image_icon_background_color%22,%22image_icon_background_color%22,%22image_icon_background_color%22,%22image_icon_background_color%22,%22image_icon_background_color%22,%22image_icon_background_color%22,%22image_icon_background_color%22,%22image_icon_background_color%22,%22image_icon_background_color%22%93,%22gcid-7b4a565b-be97-4f45-b7cd-ee49e4ec68ea%22:%91%22body_text_color%22%93}&raquo;]<\/p>\n<p><span>Har du kompetanse innen \u00f8konomi, regnskap, revisjon, finans, investeringer eller strategisk forvaltning?<\/span><\/p>\n<p>[\/et_pb_blurb][\/et_pb_column][et_pb_column type=&raquo;1_5&#8243; _builder_version=&raquo;4.17.6&#8243; _module_preset=&raquo;default&raquo; global_colors_info=&raquo;{}&raquo;][et_pb_blurb title=&raquo;Kingdom Connect&raquo; use_icon=&raquo;on&raquo; font_icon=&raquo;&#xe605;||divi||400&#8243; icon_color=&raquo;#E3B831&#8243; _builder_version=&raquo;4.27.5&#8243; _dynamic_attributes=&raquo;link_option_url&raquo; _module_preset=&raquo;2fd536bf-a974-4040-853b-a700569e4e06&#8243; link_option_url=&raquo;@ET-DC@eyJkeW5hbWljIjp0cnVlLCJjb250ZW50IjoicG9zdF9saW5rX3VybF9wYWdlIiwic2V0dGluZ3MiOnsicG9zdF9pZCI6IjEwMTExMCJ9fQ==@&raquo; global_colors_info=&raquo;{}&raquo;]<\/p>\n<p>Samler ressurser, kompetanse og kontakter i \u00e9n felles plattform.<\/p>\n<p>[\/et_pb_blurb][\/et_pb_column][et_pb_column type=&raquo;1_5&#8243; _builder_version=&raquo;4.17.6&#8243; _module_preset=&raquo;default&raquo; global_colors_info=&raquo;{}&raquo;][et_pb_blurb title=&raquo;V\u00c5G Akademiet&raquo; use_icon=&raquo;on&raquo; font_icon=&raquo;&#xf19d;||fa||900&#8243; icon_color=&raquo;#E3B831&#8243; _builder_version=&raquo;4.27.5&#8243; _dynamic_attributes=&raquo;link_option_url&raquo; _module_preset=&raquo;2fd536bf-a974-4040-853b-a700569e4e06&#8243; link_option_url=&raquo;@ET-DC@eyJkeW5hbWljIjp0cnVlLCJjb250ZW50IjoicG9zdF9saW5rX3VybF9wYWdlIiwic2V0dGluZ3MiOnsicG9zdF9pZCI6IjEwMTEyMCJ9fQ==@&raquo; global_colors_info=&raquo;{}&raquo;]<\/p>\n<p>Brenner du for \u00e5 undervise bibelkunnskap og tro i praksis <span>eller innsikt om helhetlig liv?<\/span><\/p>\n<p>[\/et_pb_blurb][\/et_pb_column][et_pb_column type=&raquo;1_5&#8243; _builder_version=&raquo;4.17.6&#8243; _module_preset=&raquo;default&raquo; global_colors_info=&raquo;{}&raquo;][et_pb_blurb title=&raquo;Verdi og Handel (VOGH)&raquo; use_icon=&raquo;on&raquo; font_icon=&raquo;&#xe07a;||divi||400&#8243; icon_color=&raquo;#E3B831&#8243; _builder_version=&raquo;4.27.5&#8243; _dynamic_attributes=&raquo;link_option_url&raquo; _module_preset=&raquo;2fd536bf-a974-4040-853b-a700569e4e06&#8243; link_option_url=&raquo;@ET-DC@eyJkeW5hbWljIjp0cnVlLCJjb250ZW50IjoicG9zdF9saW5rX3VybF9wYWdlIiwic2V0dGluZ3MiOnsicG9zdF9pZCI6IjEwMTEyOSJ9fQ==@&raquo; locked=&raquo;off&raquo; global_colors_info=&raquo;{}&raquo;]<\/p>\n<p>Selger du egne varer eller tjenester? Har du handelskompetanse? Kan du bidra med systemutvikling?<\/p>\n<p>[\/et_pb_blurb][\/et_pb_column][\/et_pb_row][et_pb_row column_structure=&raquo;1_5,1_5,1_5,1_5,1_5&#8243; _builder_version=&raquo;4.27.4&#8243; _module_preset=&raquo;default&raquo; locked=&raquo;off&raquo; global_colors_info=&raquo;{}&raquo;][et_pb_column type=&raquo;1_5&#8243; _builder_version=&raquo;4.17.6&#8243; _module_preset=&raquo;default&raquo; global_colors_info=&raquo;{}&raquo;][et_pb_blurb title=&raquo;Samarbeids-partner&raquo; use_icon=&raquo;on&raquo; font_icon=&raquo;&#xf4c4;||fa||900&#8243; icon_color=&raquo;#E3B831&#8243; _builder_version=&raquo;4.27.5&#8243; _dynamic_attributes=&raquo;link_option_url&raquo; _module_preset=&raquo;2fd536bf-a974-4040-853b-a700569e4e06&#8243; link_option_url=&raquo;@ET-DC@eyJkeW5hbWljIjp0cnVlLCJjb250ZW50IjoicG9zdF9saW5rX3VybF9wYWdlIiwic2V0dGluZ3MiOnsicG9zdF9pZCI6IjEwMDQ1NSJ9fQ==@&raquo; global_colors_info=&raquo;{}&raquo;]<\/p>\n<p><span>Driver du business? Vi \u00f8nsker \u00e5 knytte sammen personer og organisasjoner som fremmer Guds rike.<\/span><\/p>\n<p>[\/et_pb_blurb][\/et_pb_column][et_pb_column type=&raquo;1_5&#8243; _builder_version=&raquo;4.17.6&#8243; _module_preset=&raquo;default&raquo; global_colors_info=&raquo;{}&raquo;][et_pb_blurb title=&raquo;Gi penger&raquo; use_icon=&raquo;on&raquo; font_icon=&raquo;&#xe0d8;||divi||400&#8243; icon_color=&raquo;#E3B831&#8243; _builder_version=&raquo;4.27.5&#8243; _module_preset=&raquo;2fd536bf-a974-4040-853b-a700569e4e06&#8243; link_option_url=&raquo;#gi&raquo; global_colors_info=&raquo;{%22gcid-8c4df213-420b-4fa0-a471-54276bb0f0b2%22:%91%22text_text_color%22,%22text_text_color%22,%22text_text_color%22,%22text_text_color%22,%22text_text_color%22,%22text_text_color%22,%22text_text_color%22,%22text_text_color%22,%22text_text_color%22,%22text_text_color%22,%22text_text_color%22,%22text_text_color%22,%22text_text_color%22,%22text_text_color%22,%22text_text_color%22,%22text_text_color%22,%22text_text_color%22,%22text_text_color%22,%22text_text_color%22,%22text_text_color%22,%22text_text_color%22,%22text_text_color%22,%22text_text_color%22,%22text_text_color%22,%22text_text_color%22,%22text_text_color%22,%22text_text_color%22,%22text_text_color%22%93,%22gcid-76e3f074-fea1-4846-b451-b052fd0eb96d%22:%91%22image_icon_background_color%22,%22image_icon_background_color%22,%22image_icon_background_color%22,%22image_icon_background_color%22,%22image_icon_background_color%22,%22image_icon_background_color%22,%22image_icon_background_color%22,%22image_icon_background_color%22,%22image_icon_background_color%22,%22image_icon_background_color%22,%22image_icon_background_color%22,%22image_icon_background_color%22,%22image_icon_background_color%22,%22image_icon_background_color%22,%22image_icon_background_color%22%93,%22gcid-7b4a565b-be97-4f45-b7cd-ee49e4ec68ea%22:%91%22body_text_color%22%93}&raquo;]<\/p>\n<p>Arbeidet finansieres prim\u00e6rt gjennom handel, men det er mulig \u00e5 gi en gave eller \u00e5 bli fastgiver.<\/p>\n<p>[\/et_pb_blurb][\/et_pb_column][et_pb_column type=&raquo;1_5&#8243; _builder_version=&raquo;4.17.6&#8243; _module_preset=&raquo;default&raquo; global_colors_info=&raquo;{}&raquo;][et_pb_blurb title=&raquo;Bli frivillig eller medvandrer&raquo; use_icon=&raquo;on&raquo; font_icon=&raquo;&#xf4ce;||fa||900&#8243; icon_color=&raquo;#E3B831&#8243; module_class=&raquo;milly-mini-blurb milly-show-overlay-1&#8243; _builder_version=&raquo;4.27.5&#8243; _module_preset=&raquo;2fd536bf-a974-4040-853b-a700569e4e06&#8243; link_option_url=&raquo;#&raquo; global_colors_info=&raquo;{}&raquo;]<\/p>\n<p>\u00d8nsker du \u00e5 hjelpe frivillig p\u00e5 samlinger eller \u00e5 st\u00f8tte noen i \u00e5 g\u00e5 inn i sitt kall?<\/p>\n<p>[\/et_pb_blurb][\/et_pb_column][et_pb_column type=&raquo;1_5&#8243; _builder_version=&raquo;4.17.6&#8243; _module_preset=&raquo;default&raquo; global_colors_info=&raquo;{}&raquo;][et_pb_blurb title=&raquo;Shopping-partner&raquo; use_icon=&raquo;on&raquo; font_icon=&raquo;&#xf07a;||fa||900&#8243; icon_color=&raquo;#E3B831&#8243; _builder_version=&raquo;4.27.5&#8243; _module_preset=&raquo;2fd536bf-a974-4040-853b-a700569e4e06&#8243; link_option_url=&raquo;#shoppingpartner&raquo; global_colors_info=&raquo;{}&raquo;]<\/p>\n<p>Handle varer du likevel trenger gjennom Handelskollektivet, der noe av overskuddet g\u00e5r til Kingdom Trust.<\/p>\n<p>[\/et_pb_blurb][\/et_pb_column][et_pb_column type=&raquo;1_5&#8243; _builder_version=&raquo;4.17.6&#8243; _module_preset=&raquo;default&raquo; global_colors_info=&raquo;{}&raquo;][et_pb_blurb title=&raquo;Forbeder&raquo; use_icon=&raquo;on&raquo; font_icon=&raquo;&#xf683;||fa||900&#8243; icon_color=&raquo;#E3B831&#8243; module_class=&raquo;milly-mini-blurb milly-show-overlay-1&#8243; _builder_version=&raquo;4.27.5&#8243; _dynamic_attributes=&raquo;link_option_url&raquo; _module_preset=&raquo;2fd536bf-a974-4040-853b-a700569e4e06&#8243; link_option_url=&raquo;@ET-DC@eyJkeW5hbWljIjp0cnVlLCJjb250ZW50IjoicG9zdF9saW5rX3VybF9wYWdlIiwic2V0dGluZ3MiOnsicG9zdF9pZCI6IjEwMTEyOSJ9fQ==@&raquo; locked=&raquo;off&raquo; global_colors_info=&raquo;{}&raquo;]<\/p>\n<p>Hjelp mennesker ut i sitt kall gjennom \u00e5 be for arbeidet.<\/p>\n<p>[\/et_pb_blurb][\/et_pb_column][\/et_pb_row][et_pb_row custom_padding_last_edited=&raquo;on|phone&raquo; _builder_version=&raquo;4.18.0&#8243; _module_preset=&raquo;default&raquo; custom_padding=&raquo;||60px||false|false&raquo; custom_padding_tablet=&raquo;||0px||false|false&raquo; custom_padding_phone=&raquo;||0px||false|false&raquo; locked=&raquo;off&raquo; global_colors_info=&raquo;{}&raquo; custom_padding__hover_enabled=&raquo;on|desktop&raquo; custom_padding__hover=&raquo;||60px||false|false&raquo;][et_pb_column type=&raquo;4_4&#8243; _builder_version=&raquo;4.17.6&#8243; _module_preset=&raquo;default&raquo; global_colors_info=&raquo;{}&raquo;][et_pb_code module_class=&raquo;milly-icon&raquo; _builder_version=&raquo;4.18.0&#8243; _module_preset=&raquo;default&raquo; width=&raquo;100px&raquo; width_tablet=&raquo;95px&raquo; width_phone=&raquo;90px&raquo; width_last_edited=&raquo;on|desktop&raquo; module_alignment=&raquo;center&raquo; locked=&raquo;off&raquo; global_colors_info=&raquo;{}&raquo;]<svg xmlns=\"http:\/\/www.w3.org\/2000\/svg\" viewBox=\"0 0 100 100\"><circle cx=\"61.98\" cy=\"38.16\" r=\"25\" class=\"milly-svg-fill\"\/><path style=\"fill:none\" d=\"M0 0h100v100H0z\"\/><path class=\"milly-svg-line\" d=\"M45.68 55c-3.51-.11-12.82 1.73-13.36-.8-.45-2.07 2.72-2.68 2.17-5.39a4.75 4.75 0 0 0-8.36-.42c-.53.94-.14 1.69.57 3.29.52 1.2 2.52 3.75-.13 3.76H15.44M73.13 55.27c-3.15.1-11.5-1.66-12 .75-.4 2 2.45 2.55 2 5.14a4.16 4.16 0 0 1-7.51.4c-.47-.9-.13-1.61.51-3.14.47-1.14 2.26-3.57-.12-3.57H46\"\/><path class=\"milly-svg-line\" d=\"M45.66 27.86H15.12v54.96h58.02V55.44\"\/><path class=\"milly-svg-line\" d=\"M44.91 82.82c.57-2.27.86-8.22-.78-10.23-.94-1.14-2.09.19-4.21.63-4.72 1-5.84-6.79-1.06-7.76 3-.6 4.46 4.07 6 1.07a1.76 1.76 0 0 0 .22-1.27l.6-10.26M45.68 55c-.53-2.27-1.62-8.2-.08-10.2.88-1.15 2 .18 3.94.62 4.43 1 5.47-6.78 1-7.75-2.79-.61-4.18 4.06-5.68 1.06a1.9 1.9 0 0 1-.2-1.26l1-9.57M61 48.74c-1.22-2.89-6.39-9.66-4.29-11.16 1.71-1.24 3.45 1.08 5.71-.5a4.06 4.06 0 0 0-2.76-7c-1 0-1.59.6-2.78 1.84-.88.93-2.45 3.62-3.45 1.48-1.39-3-4.18-9-4.18-9M85.53 37.34 74.08 12.59l-25 11.56M61 48.74c1.86-1.38 6.83-4.75 9.22-4.34 1.37.23.57 1.66.92 3.45.77 4 8.21 1.59 7.41-2.44-.5-2.52-5.26-1.68-3.1-4.16a2.06 2.06 0 0 1 1.07-.69l9.06-3.22\"\/><\/svg>[\/et_pb_code][et_pb_text _builder_version=&raquo;4.27.5&#8243; _module_preset=&raquo;default&raquo; text_orientation=&raquo;center&raquo; max_width=&raquo;600px&raquo; module_alignment=&raquo;center&raquo; global_colors_info=&raquo;{}&raquo;]<\/p>\n<h1>St\u00f8tt arbeidet \u00f8konomisk<\/h1>\n<h5>p\u00e5 en b\u00e6rekraftig m\u00e5te<\/h5>\n<p>[\/et_pb_text][et_pb_divider show_divider=&raquo;off&raquo; _builder_version=&raquo;4.18.0&#8243; _module_preset=&raquo;9514c170-4627-4733-b277-1556ea788820&#8243; module_alignment=&raquo;center&raquo; custom_margin=&raquo;||40px||false|false&raquo; border_width_right=&raquo;0px&raquo; border_width_bottom=&raquo;0px&raquo; border_width_left=&raquo;0px&raquo; locked=&raquo;off&raquo; global_colors_info=&raquo;{}&raquo;][\/et_pb_divider][et_pb_text _builder_version=&raquo;4.27.4&#8243; _module_preset=&raquo;default&raquo; global_colors_info=&raquo;{}&raquo;]Kingdom Trust bygges ikke prim\u00e6rt gjennom tradisjonelle gaver, men gjennom <strong>bevisst verdiskaping og langsiktige l\u00f8sninger<\/strong>.\u00a0V\u00e5r visjon er \u00e5 utvikle strukturer som gir <strong>\u00f8konomisk b\u00e6rekraft<\/strong>, b\u00e5de for stiftelsen og for menneskene og prosjektene som st\u00f8ttes \u2013 uten et kontinuerlig behov for innsamlinger.<\/p>\n<p>Vi lever i en tid der <strong>det blir stadig mer krevende \u00e5 st\u00e5 i tro<\/strong>. <strong>Bibelen forbereder oss p\u00e5 at tidene kan bli vanskeligere<\/strong> \u2013 b\u00e5de \u00e5ndelig, sosialt og praktisk. Vi opplever at vi har et nasjonalt kristent samfunnsansvar \u2013 et kall til \u00e5 samarbeide bredere enn f\u00f8r og bygge strukturer som gj\u00f8r oss mer robuste, samstemte og handlekraftige. Det er mange m\u00e5ter du kan bidra p\u00e5. <a class=\"milly-show-overlay-3\" href=\"#\">Kontakt oss dersom du \u00f8nsker \u00e5 st\u00f8tte arbeidet gjennom forb\u00f8nn eller ved \u00e5 bidra frivillig p\u00e5 samlinger.<\/a><\/p>\n<p>&nbsp;[\/et_pb_text][\/et_pb_column][\/et_pb_row][et_pb_row column_structure=&raquo;1_2,1_2&#8243; _builder_version=&raquo;4.27.5&#8243; _module_preset=&raquo;default&raquo; locked=&raquo;off&raquo; global_colors_info=&raquo;{}&raquo;][et_pb_column type=&raquo;1_2&#8243; module_id=&raquo;shoppingpartner&raquo; module_class=&raquo;milly-ico-hover&raquo; _builder_version=&raquo;4.27.5&#8243; _module_preset=&raquo;default&raquo; global_colors_info=&raquo;{}&raquo;][et_pb_code module_class=&raquo;milly-icon&raquo; _builder_version=&raquo;4.18.0&#8243; _module_preset=&raquo;default&raquo; width=&raquo;100px&raquo; width_tablet=&raquo;100px&raquo; width_phone=&raquo;90px&raquo; width_last_edited=&raquo;on|phone&raquo; custom_margin=&raquo;||0px||false|false&raquo; locked=&raquo;off&raquo; global_colors_info=&raquo;{}&raquo;]<svg xmlns=\"http:\/\/www.w3.org\/2000\/svg\" viewBox=\"0 0 100 100\"><circle cx=\"34.25\" cy=\"64.57\" r=\"25\" class=\"milly-svg-fill\"\/><path style=\"fill:none\" d=\"M0 0h100v100H0z\"\/><path class=\"milly-svg-line\" d=\"M81.86 64.57V78.7L51.6 93.84M21.29 64.57V78.7l30.25 15.14V64.57M51.54 25.75 62.89 14.4l30.32 12.35-11.35 11.34-30.32-12.34-30.25 12.34\"\/><path class=\"milly-svg-line\" d=\"M51.54 25.75 40.2 14.4 9.87 26.75l11.35 11.34 30.32-12.34M51.54 53.22 40.2 68.35 9.94 53.22l11.35-15.13 30.25 15.13 11.35 15.13 30.25-15.13L81.8 38.09 51.54 53.22z\"\/><\/svg>[\/et_pb_code][et_pb_text module_class=&raquo;milly-text milly-inline-module&raquo; _builder_version=&raquo;4.27.4&#8243; _module_preset=&raquo;default&raquo; custom_margin=&raquo;||10px||false|false&raquo; global_colors_info=&raquo;{}&raquo;]<\/p>\n<h4>Bli shoppingpartner<\/h4>\n<p>Inntil Kingdom Trust etablerer sin egen handelsplattform, finnes det allerede i dag en mulighet for frivillig st\u00f8tte gjennom bevisste forbrukervalg. Denne l\u00f8sningen skjer gjennom en samarbeidspartner. Daglig leder av Kingdom Trust, Linda Thunshelle, driver i dag en egen handels- og nettverksbasert virksomhet; <strong>Handelskollektivet<\/strong>. Denne virksomheten er ikke eid eller drevet av Kingdom Trust, men fungerer som en selvstendig samarbeidspartner. Personer som \u00f8nsker det, kan velge \u00e5 bli shoppingpartnere i Lindas nettbutikk, og dermed st\u00f8tte Kingdom Trust indirekte gjennom handel de allerede gj\u00f8r i hverdagen. Handelen skjer via en etablert, internasjonal shoppingplattform med cashback-l\u00f8sning. Linda velger frivillig \u00e5 gi videre fra 45 &#8211; 80% av sin fortjeneste etter skatt hver m\u00e5ned til Kingdom Trust Stiftelsen. Midlene brukes til:<br \/>fond og beredskap st\u00f8tte til mennesker i kall og tjeneste samfunnsnyttige og b\u00e6rekraftige prosjekter. Denne samarbeidsmodellen fungerer ogs\u00e5 som en praktisk forberedelse og treningsarena for det som p\u00e5 sikt skal bli Kingdom Trust sin egen verdibaserte handelsplattform \u2013 <a href=\"https:\/\/kingdomtrust.no\/verdi-og-handel-vogh\/\">Verdi og Handel (VOGH)<\/a>.<\/p>\n<p>[\/et_pb_text][et_pb_button button_url=&raquo;#&raquo; button_text=&raquo;Kontakt oss&raquo; module_class=&raquo;milly-button-link milly-show-overlay-1&#8243; _builder_version=&raquo;4.27.4&#8243; _module_preset=&raquo;feef0671-7e77-4f67-aa6d-5141e237fc12&#8243; global_colors_info=&raquo;{}&raquo;][\/et_pb_button][\/et_pb_column][et_pb_column type=&raquo;1_2&#8243; module_id=&raquo;gi&raquo; module_class=&raquo;milly-ico-hover&raquo; _builder_version=&raquo;4.27.5&#8243; _module_preset=&raquo;default&raquo; global_colors_info=&raquo;{}&raquo;][et_pb_code module_class=&raquo;milly-icon&raquo; _builder_version=&raquo;4.18.0&#8243; _module_preset=&raquo;default&raquo; width=&raquo;100px&raquo; width_tablet=&raquo;100px&raquo; width_phone=&raquo;90px&raquo; width_last_edited=&raquo;on|phone&raquo; custom_margin=&raquo;||0px||false|false&raquo; locked=&raquo;off&raquo; global_colors_info=&raquo;{}&raquo;]<svg xmlns=\"http:\/\/www.w3.org\/2000\/svg\" viewBox=\"0 0 100 100\"><circle cx=\"38.69\" cy=\"40.38\" r=\"25\" class=\"milly-svg-fill\"\/><path style=\"fill:none\" d=\"M0 0h100v100H0z\"\/><path class=\"milly-svg-line\" d=\"m32.45 55.52 12.48-12.49 6.24 3.13 12.48-12.49 12.48 6.24 12.54-12.5\"\/><path class=\"milly-svg-line\" d=\"m79.25 27.43 9.42-.02-.13 8.93M23.14 12.02v71.54M91.56 80.44H20.02M35.62 80.44v3.12M48.1 80.44v3.12M60.59 80.44v3.12M73.07 80.44v3.12M85.55 80.44v3.12M23.14 18.05h-3.12M23.14 30.53h-3.12M23.09 43.01h-3.07M23.14 55.5h-3.12M23.14 67.98h-3.12M38.69 74.24v-15.6M63.65 74.24V43.03M32.45 74.24V61.76M51.17 74.24V52.4M76.13 74.24V46.15M57.41 74.24V49.28M69.89 74.24V44.53M82.37 74.24V43.03M44.93 74.24V52.4\"\/><\/svg>[\/et_pb_code][et_pb_text _builder_version=&raquo;4.27.4&#8243; _module_preset=&raquo;default&raquo; custom_padding=&raquo;||60px||false|false&raquo; custom_padding_tablet=&raquo;||30px||false|false&raquo; custom_padding_phone=&raquo;||30px||false|false&raquo; custom_padding_last_edited=&raquo;on|tablet&raquo; global_colors_info=&raquo;{}&raquo;]<\/p>\n<h4>Frivillige gaver<\/h4>\n<p>Vi er takknemlige for alt som blir gitt. Samtidig \u00f8nsker Kingdom Trust ikke \u00e5 v\u00e6re en organisasjon som kontinuerlig ber de samme menneskene om penger.\u00a0V\u00e5r langsiktige visjon er at overskudd fra handel, samarbeid, mikrol\u00e5n og investeringer i \u00f8kende grad skal finansiere arbeidet.<\/p>\n<p><strong>Vipps<\/strong><br \/>\u00c5pne Vipps-appen og skann QR-koden nedenfor eller skriv inn ID: #705524 (Kingdom Trust NORGE) som mottaker. Velg s\u00e5 bel\u00f8p.<\/p>\n<p><img decoding=\"async\" src=\"https:\/\/kingdomtrust.no\/wp-content\/uploads\/2026\/02\/Vipps-QR.jpg\" width=\"184\" height=\"184\" alt=\"\" class=\"wp-image-101186 alignnone size-full\" srcset=\"https:\/\/kingdomtrust.no\/wp-content\/uploads\/2026\/02\/Vipps-QR.jpg 184w, https:\/\/kingdomtrust.no\/wp-content\/uploads\/2026\/02\/Vipps-QR-150x150.jpg 150w\" sizes=\"(max-width: 184px) 100vw, 184px\" \/><\/p>\n<p><strong>Bank-overf\u00f8ring<\/strong><br \/>Du kan gi overf\u00f8re enkeltbel\u00f8p eller sette opp fast m\u00e5nedlig oppdrag til v\u00e5rt kontonummer 3730 069 4730.<\/p>\n<p>[\/et_pb_text][\/et_pb_column][\/et_pb_row][\/et_pb_section]<\/p>\n","protected":false},"excerpt":{"rendered":"<p>Bruk dine gaver og talenter Engasjer deg Hvordan ser du for deg at du eventuelt kan bidra eller koble deg p\u00e5? Her er noen av mulighetene. Er du usikker, oppfordrer vi deg til \u00e5 ta kontakt for en samtale.Har du ledererfaring eller r\u00e5dgivningskompetanse? B\u00e6rer du tjenestegaver, visjon eller samfunns-engasjement?Har du kompetanse innen \u00f8konomi, regnskap, revisjon, [&hellip;]<\/p>\n","protected":false},"author":1,"featured_media":100284,"parent":0,"menu_order":0,"comment_status":"closed","ping_status":"closed","template":"","meta":{"_et_pb_use_builder":"on","_et_pb_old_content":"","_et_gb_content_width":"","footnotes":""},"class_list":["post-101170","page","type-page","status-publish","has-post-thumbnail","hentry"],"_links":{"self":[{"href":"https:\/\/kingdomtrust.no\/en\/wp-json\/wp\/v2\/pages\/101170","targetHints":{"allow":["GET"]}}],"collection":[{"href":"https:\/\/kingdomtrust.no\/en\/wp-json\/wp\/v2\/pages"}],"about":[{"href":"https:\/\/kingdomtrust.no\/en\/wp-json\/wp\/v2\/types\/page"}],"author":[{"embeddable":true,"href":"https:\/\/kingdomtrust.no\/en\/wp-json\/wp\/v2\/users\/1"}],"replies":[{"embeddable":true,"href":"https:\/\/kingdomtrust.no\/en\/wp-json\/wp\/v2\/comments?post=101170"}],"version-history":[{"count":8,"href":"https:\/\/kingdomtrust.no\/en\/wp-json\/wp\/v2\/pages\/101170\/revisions"}],"predecessor-version":[{"id":101344,"href":"https:\/\/kingdomtrust.no\/en\/wp-json\/wp\/v2\/pages\/101170\/revisions\/101344"}],"wp:featuredmedia":[{"embeddable":true,"href":"https:\/\/kingdomtrust.no\/en\/wp-json\/wp\/v2\/media\/100284"}],"wp:attachment":[{"href":"https:\/\/kingdomtrust.no\/en\/wp-json\/wp\/v2\/media?parent=101170"}],"curies":[{"name":"wp","href":"https:\/\/api.w.org\/{rel}","templated":true}]}}