{"id":101161,"date":"2026-02-07T03:19:44","date_gmt":"2026-02-07T02:19:44","guid":{"rendered":"https:\/\/kingdomtrust.no\/?page_id=101161"},"modified":"2026-02-13T09:57:16","modified_gmt":"2026-02-13T08:57:16","slug":"om-grunnleggeren","status":"publish","type":"page","link":"https:\/\/kingdomtrust.no\/en\/om-grunnleggeren\/","title":{"rendered":"About the founder"},"content":{"rendered":"<p>[et_pb_section fb_built=&raquo;1&#8243; _builder_version=&raquo;4.18.0&#8243; _module_preset=&raquo;default&raquo; background_enable_color=&raquo;off&raquo; overflow-x=&raquo;hidden&raquo; overflow-y=&raquo;hidden&raquo; custom_padding=&raquo;0px||120px||false|false&raquo; custom_padding_tablet=&raquo;0px||80px||false|false&raquo; custom_padding_phone=&raquo;0px||50px||false|false&raquo; locked=&raquo;off&raquo; global_colors_info=&raquo;{%22gcid-76e3f074-fea1-4846-b451-b052fd0eb96d%22:%91%22background_color%22,%22background_color_gradient_stops%22%93}&raquo;][et_pb_row custom_padding_last_edited=&raquo;on|phone&raquo; _builder_version=&raquo;4.18.0&#8243; _module_preset=&raquo;default&raquo; custom_padding=&raquo;||60px||false|false&raquo; custom_padding_tablet=&raquo;||0px||false|false&raquo; custom_padding_phone=&raquo;||0px||false|false&raquo; locked=&raquo;off&raquo; global_colors_info=&raquo;{}&raquo; custom_padding__hover_enabled=&raquo;on|desktop&raquo; custom_padding__hover=&raquo;||60px||false|false&raquo;][et_pb_column type=&raquo;4_4&#8243; _builder_version=&raquo;4.17.6&#8243; _module_preset=&raquo;default&raquo; global_colors_info=&raquo;{}&raquo;][et_pb_code module_class=&raquo;milly-icon&raquo; _builder_version=&raquo;4.27.4&#8243; _module_preset=&raquo;default&raquo; width=&raquo;100px&raquo; width_tablet=&raquo;95px&raquo; width_phone=&raquo;90px&raquo; width_last_edited=&raquo;on|desktop&raquo; module_alignment=&raquo;center&raquo; locked=&raquo;off&raquo; global_colors_info=&raquo;{}&raquo;]<svg xmlns=\"http:\/\/www.w3.org\/2000\/svg\" viewBox=\"0 0 100 100\"><defs><\/defs><g id=\"Layer_2\" data-name=\"Layer 2\"><g id=\"Layer_1-2\" data-name=\"Layer 1\"><circle cx=\"39.07\" cy=\"41.44\" r=\"25\" class=\"milly-svg-fill\"\/><path style=\"fill:none\" d=\"M0 0h100v100H0z\"\/><g id=\"Icons\"><path class=\"milly-svg-line\" d=\"M83.42 20.66h.06M71.85 52.47h.06M57.39 46.69h.06M22.69 32.23h.05M33.3 21.48 44.45 69.5M33.79 23.57s7.38-6.12 17.67.3 21.85-.68 21.85-.68-7 17-23.12 14.17c-12.3-2.2-11.55 7.09-11.55 7.09M17.72 81.39a33.24 33.24 0 0 1 64.89 0\"\/><path class=\"milly-svg-line\" d=\"M29.39 80.42a10.53 10.53 0 0 1 19.34 6.3\"\/><circle class=\"milly-svg-line\" cx=\"64.62\" cy=\"74.16\" r=\"4.34\"\/><path class=\"milly-svg-line\" d=\"M25.58 46.69v5.78M22.69 49.58h5.78M74.75 35.12v5.78M71.85 38.01h5.79\"\/><\/g><\/g><\/g><\/svg>[\/et_pb_code][et_pb_text _builder_version=&raquo;4.27.4&#8243; _module_preset=&raquo;default&raquo; text_orientation=&raquo;center&raquo; max_width=&raquo;600px&raquo; module_alignment=&raquo;center&raquo; global_colors_info=&raquo;{}&raquo;]<\/p>\n<h5>Reisen frem til Kingdom Trust<\/h5>\n<h1>Om grunnleggeren<\/h1>\n<p>[\/et_pb_text][et_pb_divider show_divider=&raquo;off&raquo; _builder_version=&raquo;4.18.0&#8243; _module_preset=&raquo;9514c170-4627-4733-b277-1556ea788820&#8243; module_alignment=&raquo;center&raquo; custom_margin=&raquo;||40px||false|false&raquo; border_width_right=&raquo;0px&raquo; border_width_bottom=&raquo;0px&raquo; border_width_left=&raquo;0px&raquo; locked=&raquo;off&raquo; global_colors_info=&raquo;{}&raquo;][\/et_pb_divider][et_pb_text _builder_version=&raquo;4.27.5&#8243; _module_preset=&raquo;default&raquo; hover_enabled=&raquo;0&#8243; global_colors_info=&raquo;{}&raquo; sticky_enabled=&raquo;0&#8243;]<\/p>\n<p>Jeg heter Linda Thunshelle og er daglig leder i Kingdom Trust. Jeg er <strong>47 \u00e5r<\/strong>, gift med Ole Eirik, og mamma til <strong>tre barn<\/strong> p\u00e5 10, 14 og 17 \u00e5r. Vi <strong>bor i Hole kommune<\/strong>.<\/p>\n<p>Jeg har en <strong>variert yrkesbakgrunn<\/strong> med erfaring fra hotell- og restaurantbransjen, eiendomsbransjen og over ti \u00e5r innen direktesalg og nettverksbasert virksomhet. I dag driver jeg fortsatt egen direktesalgs- og nettverksbusiness ved siden av arbeidet med Kingdom Trust.<\/p>\n<p>Denne delen av reisen har v\u00e6rt en uvurderlig skole for meg. Ikke f\u00f8rst og fremst \u00f8konomisk, men menneskelig.<\/p>\n<blockquote>\n<p>Jeg startet ikke med m\u00e5l om \u00e5 tjene penger, men med et \u00f8nske om personlig utvikling.<\/p>\n<\/blockquote>\n<p>Det ble en arena for karakterbygging, <strong>lederskap, relasjonskompetanse<\/strong> og forst\u00e5else av verdiskaping, multiplikasjon og langsiktige prosesser. P\u00e5 dette omr\u00e5det opplever jeg at jeg har hatt stor suksess \u2013 fordi m\u00e5let hele tiden var \u00e5 vokse som menneske og leder.<\/p>\n<p>Parallelt med forretningsbygging har min trosreise v\u00e6rt preget av en dyp modningsprosess. Over en lengre periode ble jeg ledet inn i det jeg best kan beskrive som <strong>en tid med beskj\u00e6ring og overgivelse<\/strong>, der egne ambisjoner, m\u00e5l og forestillinger om suksess m\u00e5tte legges til side. Det var en krevende, men avgj\u00f8rende fase, der karakter, motivasjon og indre forankring ble formet.<\/p>\n<p>Ut av denne perioden begynte bitene til det som i dag er Kingdom Trust \u00e5 tre tydeligere frem. Gjennom mer enn 15 \u00e5r hadde jeg mottatt mange profetiske bilder, ord og bekreftelser som den gang fremsto som enkeltst\u00e5ende puslespillbiter. I 2021 opplevde jeg at disse bitene plutselig ble satt sammen til et helhetlig bilde \u2013 med klar retning, struktur og hensikt.<\/p>\n<p>Siden den gang har mye av arbeidet handlet om \u00e5 forst\u00e5 denne visjonen i praksis, gi den spr\u00e5k, og bygge b\u00e6rekraftige rammer rundt den. Fra 2021 til i dag har Kingdom Trust utviklet seg til en helhetlig modell bygget p\u00e5 <a href=\"https:\/\/kingdomtrust.no\/vare-fem-soyler\/\">fem s\u00f8yler<\/a>: ansvarlig ledelse og styresammensetning, <a href=\"https:\/\/kingdomtrust.no\/stiftelsen\/\">Kingdom Trust stiftelsen<\/a>, <a href=\"https:\/\/kingdomtrust.no\/kingdom-connect\/\">Kingdom Connect<\/a>, <a href=\"https:\/\/kingdomtrust.no\/vag-akademiet\/\">V\u00c5G Akademiet<\/a> og <a href=\"https:\/\/kingdomtrust.no\/verdi-og-handel-vogh\/\">VOGH \u2013 verdibasert handel<\/a>.<\/p>\n<p>Disse s\u00f8ylene har vokst frem som et resultat av l\u00e6ring, justering og modning \u2013 for \u00e5 sikre at visjonen ikke bare er inspirerende, men ogs\u00e5 gjennomf\u00f8rbar og b\u00e6rekraftig over tid.<\/p>\n<blockquote>\n<p>Det jeg brenner for i dag, er \u00e5 se mennesker komme p\u00e5 rett plass i liv og kall, \u00e5 se Kristi kropp st\u00e5 i st\u00f8rre enhet og arbeide mot felles m\u00e5l, og \u00e5 bidra til felles velferd blant troende.<\/p>\n<\/blockquote>\n<p>Jeg b\u00e6rer ogs\u00e5 et sterkt engasjement for \u00e5 se kristne bli <strong>gjeldsfrie, \u00f8konomisk sterke<\/strong> og utrustet til \u00e5 v\u00e6re rike p\u00e5 gode gjerninger \u2013 til velsignelse for Guds rike, lokalsamfunn og mennesker i n\u00f8d.<\/p>\n<p>Kingdom Trust springer ut av dette engasjementet. Ikke drevet av frykt, men av klokskap. Ikke bygget p\u00e5 hastverk, men p\u00e5 forvaltning. Med et m\u00e5l om \u00e5 v\u00e6re med og forberede mennesker p\u00e5 b\u00e5de hverdagen og utfordrende tider \u2013 slik at <strong>vi st\u00e5r st\u00f8dig, samlet og i stand til \u00e5 hjelpe n\u00e5r det trengs<\/strong>.<\/p>\n<p>[\/et_pb_text][et_pb_button button_url=&raquo;@ET-DC@eyJkeW5hbWljIjp0cnVlLCJjb250ZW50IjoicG9zdF9saW5rX3VybF9wYWdlIiwic2V0dGluZ3MiOnsicG9zdF9pZCI6IjEwMTE3NyJ9fQ==@&raquo; button_text=&raquo;Mer om historien bak Kingdom Trust&raquo; button_alignment=&raquo;center&raquo; _builder_version=&raquo;4.27.5&#8243; _dynamic_attributes=&raquo;button_url&raquo; _module_preset=&raquo;default&raquo; global_colors_info=&raquo;{}&raquo;][\/et_pb_button][\/et_pb_column][\/et_pb_row][\/et_pb_section]<\/p>\n","protected":false},"excerpt":{"rendered":"<p>Reisen frem til Kingdom Trust Om grunnleggerenJeg heter Linda Thunshelle og er daglig leder i Kingdom Trust. Jeg er 47 \u00e5r, gift med Ole Eirik, og mamma til tre barn p\u00e5 10, 14 og 17 \u00e5r. Vi bor i Hole kommune. Jeg har en variert yrkesbakgrunn med erfaring fra hotell- og restaurantbransjen, eiendomsbransjen og over [&hellip;]<\/p>\n","protected":false},"author":1,"featured_media":101155,"parent":0,"menu_order":0,"comment_status":"closed","ping_status":"closed","template":"","meta":{"_et_pb_use_builder":"on","_et_pb_old_content":"","_et_gb_content_width":"","footnotes":""},"class_list":["post-101161","page","type-page","status-publish","has-post-thumbnail","hentry"],"_links":{"self":[{"href":"https:\/\/kingdomtrust.no\/en\/wp-json\/wp\/v2\/pages\/101161","targetHints":{"allow":["GET"]}}],"collection":[{"href":"https:\/\/kingdomtrust.no\/en\/wp-json\/wp\/v2\/pages"}],"about":[{"href":"https:\/\/kingdomtrust.no\/en\/wp-json\/wp\/v2\/types\/page"}],"author":[{"embeddable":true,"href":"https:\/\/kingdomtrust.no\/en\/wp-json\/wp\/v2\/users\/1"}],"replies":[{"embeddable":true,"href":"https:\/\/kingdomtrust.no\/en\/wp-json\/wp\/v2\/comments?post=101161"}],"version-history":[{"count":6,"href":"https:\/\/kingdomtrust.no\/en\/wp-json\/wp\/v2\/pages\/101161\/revisions"}],"predecessor-version":[{"id":101298,"href":"https:\/\/kingdomtrust.no\/en\/wp-json\/wp\/v2\/pages\/101161\/revisions\/101298"}],"wp:featuredmedia":[{"embeddable":true,"href":"https:\/\/kingdomtrust.no\/en\/wp-json\/wp\/v2\/media\/101155"}],"wp:attachment":[{"href":"https:\/\/kingdomtrust.no\/en\/wp-json\/wp\/v2\/media?parent=101161"}],"curies":[{"name":"wp","href":"https:\/\/api.w.org\/{rel}","templated":true}]}}